{"id":32,"date":"2015-02-19T14:08:37","date_gmt":"2015-02-19T14:08:37","guid":{"rendered":"http:\/\/www.wenk-heizung.de\/?page_id=32"},"modified":"2025-09-28T09:33:19","modified_gmt":"2025-09-28T07:33:19","slug":"service","status":"publish","type":"page","link":"https:\/\/www.wenk-heizung.de\/?page_id=32","title":{"rendered":"Service"},"content":{"rendered":"\n<div class=\"wp-block-columns is-layout-flex wp-container-core-columns-is-layout-28f84493 wp-block-columns-is-layout-flex\">\n<div class=\"wp-block-column is-layout-flow wp-block-column-is-layout-flow\">\n<p><strong><span style=\"color: #000000;\">Kundendienst<\/span><\/strong><br \/><span style=\"color: #000000;\">in den Bereichen:<\/span><\/p>\n<ul>\n<li><span style=\"color: #000000;\">Sanit\u00e4r<\/span><\/li>\n<li><span style=\"color: #000000;\">Heizung<\/span><\/li>\n<li><span style=\"color: #000000;\">Solar<\/span><\/li>\n<li><span style=\"color: #000000;\">Klimaanlagen<\/span><\/li>\n<\/ul>\n<p><span style=\"color: #000000;\"><strong>Beratung<\/strong><br \/>in den Bereichen:<\/span><\/p>\n<ul>\n<li><span style=\"color: #000000;\">Sanit\u00e4r<\/span><\/li>\n<li><span style=\"color: #000000;\">Gasheizungen<\/span><\/li>\n<li><span style=\"color: #000000;\">\u00d6lheizungen<\/span><\/li>\n<li><span style=\"color: #000000;\">Solaranlagen<\/span><\/li>\n<li><span style=\"color: #000000;\">Pelletheizungen<\/span><\/li>\n<li><span style=\"color: #000000;\">W\u00e4rmepumpen<\/span><\/li>\n<\/ul>\n<\/div>\n\n\n\n<div class=\"wp-block-column is-layout-flow wp-block-column-is-layout-flow\">\n<p><span style=\"color: #000000;\"><strong>Kleinreparaturen<\/strong><\/span><\/p>\n<p><strong><span style=\"color: #000000;\">unverbindliche Angebote<\/span><\/strong><\/p>\n<p><span style=\"color: #000000;\">Als weiteren Service<\/span><br \/><span style=\"color: #000000;\">biete ich au\u00dferhalb<\/span><br \/><span style=\"color: #000000;\">der regul\u00e4ren \u00d6ffnungszeiten<\/span><br \/><span style=\"color: #000000;\">von 16.00 &#8211; 19.00 Uhr:<\/span><\/p>\n<ul>\n<li><span style=\"color: #000000;\">Kleinreparaturen<\/span><\/li>\n<li><span style=\"color: #000000;\">Wartungen<\/span><\/li>\n<li><span style=\"color: #000000;\">Kundengespr\u00e4che<\/span><\/li>\n<\/ul>\n<\/div>\n<\/div>\n","protected":false},"excerpt":{"rendered":"<p>Kundendienstin den Bereichen: Sanit\u00e4r Heizung Solar Klimaanlagen Beratungin den Bereichen: Sanit\u00e4r Gasheizungen \u00d6lheizungen Solaranlagen Pelletheizungen W\u00e4rmepumpen Kleinreparaturen unverbindliche Angebote Als<\/p>\n","protected":false},"author":1,"featured_media":0,"parent":19,"menu_order":0,"comment_status":"closed","ping_status":"closed","template":"","meta":{"colormag_page_container_layout":"default_layout","colormag_page_sidebar_layout":"default_layout","footnotes":""},"class_list":["post-32","page","type-page","status-publish","hentry"],"_links":{"self":[{"href":"https:\/\/www.wenk-heizung.de\/index.php?rest_route=\/wp\/v2\/pages\/32","targetHints":{"allow":["GET"]}}],"collection":[{"href":"https:\/\/www.wenk-heizung.de\/index.php?rest_route=\/wp\/v2\/pages"}],"about":[{"href":"https:\/\/www.wenk-heizung.de\/index.php?rest_route=\/wp\/v2\/types\/page"}],"author":[{"embeddable":true,"href":"https:\/\/www.wenk-heizung.de\/index.php?rest_route=\/wp\/v2\/users\/1"}],"replies":[{"embeddable":true,"href":"https:\/\/www.wenk-heizung.de\/index.php?rest_route=%2Fwp%2Fv2%2Fcomments&post=32"}],"version-history":[{"count":4,"href":"https:\/\/www.wenk-heizung.de\/index.php?rest_route=\/wp\/v2\/pages\/32\/revisions"}],"predecessor-version":[{"id":130,"href":"https:\/\/www.wenk-heizung.de\/index.php?rest_route=\/wp\/v2\/pages\/32\/revisions\/130"}],"up":[{"embeddable":true,"href":"https:\/\/www.wenk-heizung.de\/index.php?rest_route=\/wp\/v2\/pages\/19"}],"wp:attachment":[{"href":"https:\/\/www.wenk-heizung.de\/index.php?rest_route=%2Fwp%2Fv2%2Fmedia&parent=32"}],"curies":[{"name":"wp","href":"https:\/\/api.w.org\/{rel}","templated":true}]}}