{"id":19,"date":"2015-02-19T14:07:18","date_gmt":"2015-02-19T14:07:18","guid":{"rendered":"http:\/\/www.wenk-heizung.de\/?page_id=19"},"modified":"2019-06-02T22:20:21","modified_gmt":"2019-06-02T20:20:21","slug":"leistungsprofil","status":"publish","type":"page","link":"https:\/\/www.wenk-heizung.de\/?page_id=19","title":{"rendered":"Leistungsprofil"},"content":{"rendered":"<p style=\"text-align: center;\"><strong><span style=\"color: #000000;\">Finden, nicht suchen!<\/span><\/strong><\/p>\n<p style=\"text-align: center;\"><span style=\"color: #000000;\">In mir finden Sie einen Installateurmeister f\u00fcr Ihre individuellen W\u00fcnsche im Bereich<\/span><\/p>\n<p style=\"text-align: center;\"><strong><span style=\"color: #000000;\">Sanit\u00e4r, Heizung und Klima.<\/span><\/strong><\/p>\n<p style=\"text-align: center;\"><span style=\"color: #000000;\">Klicken Sie sich durch meine Internetpr\u00e4senz<\/span><br \/>\n<span style=\"color: #000000;\"> und informieren Sie sich \u00fcber meinen Service<br \/>\nauch au\u00dferhalb<\/span> <span style=\"color: #000000;\">der regul\u00e4ren \u00d6ffnungszeiten.<\/span><\/p>\n<p style=\"text-align: center;\"><span style=\"color: #000000;\">Nehmen Sie pers\u00f6nlichen Kontakt zu mir auf und lassen sich unverbindlich beraten.<\/span><\/p>\n","protected":false},"excerpt":{"rendered":"<p>Finden, nicht suchen! In mir finden Sie einen Installateurmeister f\u00fcr Ihre individuellen W\u00fcnsche im Bereich Sanit\u00e4r, Heizung und Klima. Klicken<\/p>\n","protected":false},"author":1,"featured_media":0,"parent":0,"menu_order":0,"comment_status":"closed","ping_status":"closed","template":"","meta":{"colormag_page_container_layout":"default_layout","colormag_page_sidebar_layout":"default_layout","footnotes":""},"class_list":["post-19","page","type-page","status-publish","hentry"],"_links":{"self":[{"href":"https:\/\/www.wenk-heizung.de\/index.php?rest_route=\/wp\/v2\/pages\/19","targetHints":{"allow":["GET"]}}],"collection":[{"href":"https:\/\/www.wenk-heizung.de\/index.php?rest_route=\/wp\/v2\/pages"}],"about":[{"href":"https:\/\/www.wenk-heizung.de\/index.php?rest_route=\/wp\/v2\/types\/page"}],"author":[{"embeddable":true,"href":"https:\/\/www.wenk-heizung.de\/index.php?rest_route=\/wp\/v2\/users\/1"}],"replies":[{"embeddable":true,"href":"https:\/\/www.wenk-heizung.de\/index.php?rest_route=%2Fwp%2Fv2%2Fcomments&post=19"}],"version-history":[{"count":3,"href":"https:\/\/www.wenk-heizung.de\/index.php?rest_route=\/wp\/v2\/pages\/19\/revisions"}],"predecessor-version":[{"id":79,"href":"https:\/\/www.wenk-heizung.de\/index.php?rest_route=\/wp\/v2\/pages\/19\/revisions\/79"}],"wp:attachment":[{"href":"https:\/\/www.wenk-heizung.de\/index.php?rest_route=%2Fwp%2Fv2%2Fmedia&parent=19"}],"curies":[{"name":"wp","href":"https:\/\/api.w.org\/{rel}","templated":true}]}}